{"id":247,"date":"2023-08-15T18:46:47","date_gmt":"2023-08-15T16:46:47","guid":{"rendered":"https:\/\/sososo.fr\/?page_id=247"},"modified":"2023-08-27T15:41:37","modified_gmt":"2023-08-27T13:41:37","slug":"elodie-persehaie-c-o-a-c-h","status":"publish","type":"page","link":"https:\/\/sososo.fr\/index.php\/elodie-persehaie-c-o-a-c-h\/","title":{"rendered":"Elodie Persehaie &#8211; C.O.A.C.H*"},"content":{"rendered":"\n<div id=\"ez-toc-container\" class=\"ez-toc-v2_0_53 counter-hierarchy ez-toc-counter ez-toc-grey ez-toc-container-direction\">\n<div class=\"ez-toc-title-container\">\n<p class=\"ez-toc-title \" >Table des mati\u00e8res<\/p>\n<span class=\"ez-toc-title-toggle\"><a href=\"#\" class=\"ez-toc-pull-right ez-toc-btn ez-toc-btn-xs ez-toc-btn-default ez-toc-toggle\" aria-label=\"Toggle Table of Content\" role=\"button\"><label for=\"item-69ea37d194021\" ><span class=\"\"><span style=\"display:none;\">Toggle<\/span><span class=\"ez-toc-icon-toggle-span\"><svg style=\"fill: #999;color:#999\" xmlns=\"http:\/\/www.w3.org\/2000\/svg\" class=\"list-377408\" width=\"20px\" height=\"20px\" viewBox=\"0 0 24 24\" fill=\"none\"><path d=\"M6 6H4v2h2V6zm14 0H8v2h12V6zM4 11h2v2H4v-2zm16 0H8v2h12v-2zM4 16h2v2H4v-2zm16 0H8v2h12v-2z\" fill=\"currentColor\"><\/path><\/svg><svg style=\"fill: #999;color:#999\" class=\"arrow-unsorted-368013\" xmlns=\"http:\/\/www.w3.org\/2000\/svg\" width=\"10px\" height=\"10px\" viewBox=\"0 0 24 24\" version=\"1.2\" baseProfile=\"tiny\"><path d=\"M18.2 9.3l-6.2-6.3-6.2 6.3c-.2.2-.3.4-.3.7s.1.5.3.7c.2.2.4.3.7.3h11c.3 0 .5-.1.7-.3.2-.2.3-.5.3-.7s-.1-.5-.3-.7zM5.8 14.7l6.2 6.3 6.2-6.3c.2-.2.3-.5.3-.7s-.1-.5-.3-.7c-.2-.2-.4-.3-.7-.3h-11c-.3 0-.5.1-.7.3-.2.2-.3.5-.3.7s.1.5.3.7z\"\/><\/svg><\/span><\/span><\/label><input aria-label=\"Toggle\" aria-label=\"item-69ea37d194021\"  type=\"checkbox\" id=\"item-69ea37d194021\"><\/a><\/span><\/div>\n<nav><ul class='ez-toc-list ez-toc-list-level-1 ' ><li class='ez-toc-page-1 ez-toc-heading-level-2'><a class=\"ez-toc-link ez-toc-heading-1\" href=\"https:\/\/sososo.fr\/index.php\/elodie-persehaie-c-o-a-c-h\/#Accompagner_Coaching_de_vie_pro_et_perso\" title=\"Accompagner : Coaching de vie pro et perso\">Accompagner : Coaching de vie pro et perso<\/a><\/li><li class='ez-toc-page-1 ez-toc-heading-level-2'><a class=\"ez-toc-link ez-toc-heading-2\" href=\"https:\/\/sososo.fr\/index.php\/elodie-persehaie-c-o-a-c-h\/#Retenir_l%E2%80%99attention\" title=\"Retenir l&#8217;attention.\">Retenir l&#8217;attention.<\/a><\/li><li class='ez-toc-page-1 ez-toc-heading-level-2'><a class=\"ez-toc-link ez-toc-heading-3\" href=\"https:\/\/sososo.fr\/index.php\/elodie-persehaie-c-o-a-c-h\/#Realiser_des_logos\" title=\"R\u00e9aliser des logos.\">R\u00e9aliser des logos.<\/a><\/li><li class='ez-toc-page-1 ez-toc-heading-level-2'><a class=\"ez-toc-link ez-toc-heading-4\" href=\"https:\/\/sososo.fr\/index.php\/elodie-persehaie-c-o-a-c-h\/#Assumer_l%E2%80%99humour_dans_sa_com_pro\" title=\"Assumer l&#8217;humour dans sa com pro.\">Assumer l&#8217;humour dans sa com pro.<\/a><\/li><li class='ez-toc-page-1 ez-toc-heading-level-2'><a class=\"ez-toc-link ez-toc-heading-5\" href=\"https:\/\/sososo.fr\/index.php\/elodie-persehaie-c-o-a-c-h\/#Creer_des_reseaux_pour_developper_le_business\" title=\"Cr\u00e9er des r\u00e9seaux pour d\u00e9velopper le business\">Cr\u00e9er des r\u00e9seaux pour d\u00e9velopper le business<\/a><\/li><\/ul><\/nav><\/div>\n<h2 class=\"wp-block-heading\"><span class=\"ez-toc-section\" id=\"Accompagner_Coaching_de_vie_pro_et_perso\"><\/span>Accompagner : Coaching de vie pro et perso<span class=\"ez-toc-section-end\"><\/span><\/h2>\n\n\n\n<div class=\"wp-block-media-text is-stacked-on-mobile\"><figure class=\"wp-block-media-text__media\"><img loading=\"lazy\" decoding=\"async\" width=\"1024\" height=\"1024\" src=\"http:\/\/sososo.fr\/wp-content\/uploads\/2023\/08\/Lardelo-by-LOD12-1024x1024.png\" alt=\"\" class=\"wp-image-326 size-full\" srcset=\"https:\/\/sososo.fr\/wp-content\/uploads\/2023\/08\/Lardelo-by-LOD12-1024x1024.png 1024w, https:\/\/sososo.fr\/wp-content\/uploads\/2023\/08\/Lardelo-by-LOD12-300x300.png 300w, https:\/\/sososo.fr\/wp-content\/uploads\/2023\/08\/Lardelo-by-LOD12-100x100.png 100w, https:\/\/sososo.fr\/wp-content\/uploads\/2023\/08\/Lardelo-by-LOD12-600x600.png 600w, https:\/\/sososo.fr\/wp-content\/uploads\/2023\/08\/Lardelo-by-LOD12-150x150.png 150w, https:\/\/sososo.fr\/wp-content\/uploads\/2023\/08\/Lardelo-by-LOD12-768x768.png 768w, https:\/\/sososo.fr\/wp-content\/uploads\/2023\/08\/Lardelo-by-LOD12-1536x1536.png 1536w, https:\/\/sososo.fr\/wp-content\/uploads\/2023\/08\/Lardelo-by-LOD12-2048x2048.png 2048w\" sizes=\"auto, (max-width: 1024px) 100vw, 1024px\" \/><\/figure><div class=\"wp-block-media-text__content\">\n<p class=\"has-medium-font-size\"><a href=\"http:\/\/www.elodie-persehaie.com\"><strong>www.elodie-persehaie.com<\/strong><\/a><\/p>\n<\/div><\/div>\n\n\n\n<h2 class=\"wp-block-heading\"><span class=\"ez-toc-section\" id=\"Retenir_l%E2%80%99attention\"><\/span>Retenir l&#8217;attention.<span class=\"ez-toc-section-end\"><\/span><\/h2>\n\n\n\n<div class=\"wp-block-media-text is-stacked-on-mobile\"><figure class=\"wp-block-media-text__media\"><img loading=\"lazy\" decoding=\"async\" width=\"1024\" height=\"819\" src=\"https:\/\/sososo.fr\/wp-content\/uploads\/2023\/08\/29-1024x819-1.png\" alt=\"\" class=\"wp-image-332 size-full\" srcset=\"https:\/\/sososo.fr\/wp-content\/uploads\/2023\/08\/29-1024x819-1.png 1024w, https:\/\/sososo.fr\/wp-content\/uploads\/2023\/08\/29-1024x819-1-600x480.png 600w, https:\/\/sososo.fr\/wp-content\/uploads\/2023\/08\/29-1024x819-1-300x240.png 300w, https:\/\/sososo.fr\/wp-content\/uploads\/2023\/08\/29-1024x819-1-768x614.png 768w\" sizes=\"auto, (max-width: 1024px) 100vw, 1024px\" \/><\/figure><div class=\"wp-block-media-text__content\">\n<p class=\"has-accent-color has-text-color has-medium-font-size\">Trouver des jeux de mots pour faire passer des messages clairs et visuellement impactant.<\/p>\n\n\n\n<p class=\"has-medium-font-size\">Les acronymes sont une source sans fin pour cr\u00e9er avec humour.<\/p>\n\n\n\n<p class=\"has-accent-color has-text-color has-medium-font-size\">C.O.A.C.H* <strong>C<\/strong>r\u00e9atrice d&#8217;<strong>O<\/strong>pportunit\u00e9s et d&#8217;<strong>A<\/strong>ccompagnements au <strong>C<\/strong>hangement <strong>H<\/strong>umain<\/p>\n\n\n\n<p class=\"has-accent-color has-text-color has-medium-font-size\">C.O.B.A.Y.E* <strong>C<\/strong>lient <strong>O<\/strong>uvert aux <strong>B<\/strong>onnes et <strong>A<\/strong>udacieuses <strong>I<\/strong>d\u00e9es d&#8217;<strong>E<\/strong>lodie.<\/p>\n<\/div><\/div>\n\n\n\n<h2 class=\"wp-block-heading\"><span class=\"ez-toc-section\" id=\"Realiser_des_logos\"><\/span>R\u00e9aliser des logos.<span class=\"ez-toc-section-end\"><\/span><\/h2>\n\n\n\n<p class=\"has-medium-font-size\">\u00c9laborer des logos qui ont du sens en plus d&#8217;\u00eatre beaux.<\/p>\n\n\n\n<figure class=\"wp-block-video\"><video height=\"924\" style=\"aspect-ratio: 1640 \/ 924;\" width=\"1640\" controls src=\"https:\/\/sososo.fr\/wp-content\/uploads\/2023\/08\/COACH-com.mp4\"><\/video><\/figure>\n\n\n\n<div class=\"wp-block-media-text is-stacked-on-mobile\"><figure class=\"wp-block-media-text__media\"><img loading=\"lazy\" decoding=\"async\" width=\"1024\" height=\"1024\" src=\"https:\/\/sososo.fr\/wp-content\/uploads\/2023\/08\/Lardelo-by-LOD13-1024x1024.png\" alt=\"\" class=\"wp-image-331 size-full\" srcset=\"https:\/\/sososo.fr\/wp-content\/uploads\/2023\/08\/Lardelo-by-LOD13-1024x1024.png 1024w, https:\/\/sososo.fr\/wp-content\/uploads\/2023\/08\/Lardelo-by-LOD13-300x300.png 300w, https:\/\/sososo.fr\/wp-content\/uploads\/2023\/08\/Lardelo-by-LOD13-100x100.png 100w, https:\/\/sososo.fr\/wp-content\/uploads\/2023\/08\/Lardelo-by-LOD13-600x600.png 600w, https:\/\/sososo.fr\/wp-content\/uploads\/2023\/08\/Lardelo-by-LOD13-150x150.png 150w, https:\/\/sososo.fr\/wp-content\/uploads\/2023\/08\/Lardelo-by-LOD13-768x768.png 768w, https:\/\/sososo.fr\/wp-content\/uploads\/2023\/08\/Lardelo-by-LOD13-1536x1536.png 1536w, https:\/\/sososo.fr\/wp-content\/uploads\/2023\/08\/Lardelo-by-LOD13-2048x2048.png 2048w\" sizes=\"auto, (max-width: 1024px) 100vw, 1024px\" \/><\/figure><div class=\"wp-block-media-text__content\">\n<p>J\u2019ai fait mon logo perso qui est dans la continuit\u00e9 des autres projets que je porte.<\/p>\n\n\n\n<p>Les couleurs : d\u00e9but 2023 : sobres et chic, noir pour l\u2019obscurit\u00e9, dor\u00e9 pour la lumi\u00e8re et la richesse int\u00e9rieure, j&#8217;ai \u00e9t\u00e9 dans l&#8217;introspection perso pour trouver ma vraie voie pro. \u00c9t\u00e9 2023 : je reprends du rose et du blanc. Je me sens pos\u00e9e dans mon avancement professionnel. Je <\/p>\n\n\n\n<p>Le jeu de mot \u00e9crit-imag\u00e9 = Persehaie.<\/p>\n\n\n\n<p>C\u2019est dans un cadre fig\u00e9 que j\u2019ai \u00e9volu\u00e9. Une porte ouverte pour l\u2019ancrage, le c\u00f4t\u00e9 terre \u00e0 terre. Une autre pour un acc\u00e8s \u00e0 l\u2019ouverture d\u2019esprit, \u00e0 la spiritualit\u00e9.<\/p>\n\n\n\n<p>Le E manuscrit allant \u00e0 contre courant de la rigueur. Un c\u0153ur non achev\u00e9. Une route vers moi-m\u00eame avec des virages. Un 3 retourn\u00e9\u2026 le chiffre de la communication.<\/p>\n<\/div><\/div>\n\n\n\n<h2 class=\"wp-block-heading\"><span class=\"ez-toc-section\" id=\"Assumer_l%E2%80%99humour_dans_sa_com_pro\"><\/span>Assumer l&#8217;humour dans sa com pro.<span class=\"ez-toc-section-end\"><\/span><\/h2>\n\n\n\n<div class=\"wp-block-media-text is-stacked-on-mobile is-vertically-aligned-center\"><figure class=\"wp-block-media-text__media\"><img decoding=\"async\" src=\"https:\/\/sososo.fr\/wp-content\/uploads\/2023\/08\/Lardelo-by-LOD22-1024x1024.png\" alt=\"\" class=\"wp-image-445 size-full\"\/><\/figure><div class=\"wp-block-media-text__content\">\n<p class=\"has-medium-font-size\">Ce n&#8217;est pas forc\u00e9ment facile de mettre de l&#8217;humour dans des accompagnements en d\u00e9veloppement personnel et professionnel.<\/p>\n\n\n\n<p class=\"has-medium-font-size\">Et pourtant, se d\u00e9couvrir plusieurs talents et comp\u00e9tences permet de nous r\u00e9v\u00e9ler aux autres afin d&#8217;apporter le meilleur dans notre relation humaine.<\/p>\n\n\n\n<p class=\"has-medium-font-size\">Accepter d&#8217;avoir un cerveau en \u00e9bullition d&#8217;id\u00e9es non stop.<\/p>\n<\/div><\/div>\n\n\n\n<div class=\"wp-block-columns is-layout-flex wp-container-core-columns-is-layout-9d6595d7 wp-block-columns-is-layout-flex\">\n<div class=\"wp-block-column is-layout-flow wp-block-column-is-layout-flow\">\n<figure class=\"wp-block-embed is-type-video is-provider-youtube wp-block-embed-youtube wp-embed-aspect-16-9 wp-has-aspect-ratio\"><div class=\"wp-block-embed__wrapper\">\n<p class=\"responsive-video-wrap clr\"><iframe loading=\"lazy\" title=\"2023 - Sortez du cadre\" width=\"1200\" height=\"675\" src=\"https:\/\/www.youtube.com\/embed\/wFWOcmjcpVQ?feature=oembed\" frameborder=\"0\" allow=\"accelerometer; autoplay; clipboard-write; encrypted-media; gyroscope; picture-in-picture; web-share\" allowfullscreen><\/iframe><\/p>\n<\/div><\/figure>\n<\/div>\n\n\n\n<div class=\"wp-block-column is-layout-flow wp-block-column-is-layout-flow\">\n<figure class=\"wp-block-embed is-type-video is-provider-youtube wp-block-embed-youtube wp-embed-aspect-16-9 wp-has-aspect-ratio\"><div class=\"wp-block-embed__wrapper\">\n<p class=\"responsive-video-wrap clr\"><iframe loading=\"lazy\" title=\"L&#039;impulseuse : location de cerveau\" width=\"1200\" height=\"675\" src=\"https:\/\/www.youtube.com\/embed\/QWKeW2lr98U?feature=oembed\" frameborder=\"0\" allow=\"accelerometer; autoplay; clipboard-write; encrypted-media; gyroscope; picture-in-picture; web-share\" allowfullscreen><\/iframe><\/p>\n<\/div><\/figure>\n<\/div>\n\n\n\n<div class=\"wp-block-column is-layout-flow wp-block-column-is-layout-flow\">\n<figure class=\"wp-block-embed is-type-video is-provider-youtube wp-block-embed-youtube wp-embed-aspect-16-9 wp-has-aspect-ratio\"><div class=\"wp-block-embed__wrapper\">\n<p class=\"responsive-video-wrap clr\"><iframe loading=\"lazy\" title=\"Impulseuse\" width=\"1200\" height=\"675\" src=\"https:\/\/www.youtube.com\/embed\/NXeg0WFQjy0?feature=oembed\" frameborder=\"0\" allow=\"accelerometer; autoplay; clipboard-write; encrypted-media; gyroscope; picture-in-picture; web-share\" allowfullscreen><\/iframe><\/p>\n<\/div><\/figure>\n<\/div>\n<\/div>\n\n\n\n<h2 class=\"wp-block-heading\"><span class=\"ez-toc-section\" id=\"Creer_des_reseaux_pour_developper_le_business\"><\/span>Cr\u00e9er des r\u00e9seaux pour d\u00e9velopper le business<span class=\"ez-toc-section-end\"><\/span><\/h2>\n\n\n\n<figure class=\"wp-block-image size-large\"><img loading=\"lazy\" decoding=\"async\" width=\"1024\" height=\"1024\" src=\"https:\/\/sososo.fr\/wp-content\/uploads\/2023\/08\/Lardelo-by-LOD12-1-1024x1024.png\" alt=\"\" class=\"wp-image-398\" srcset=\"https:\/\/sososo.fr\/wp-content\/uploads\/2023\/08\/Lardelo-by-LOD12-1-1024x1024.png 1024w, https:\/\/sososo.fr\/wp-content\/uploads\/2023\/08\/Lardelo-by-LOD12-1-300x300.png 300w, https:\/\/sososo.fr\/wp-content\/uploads\/2023\/08\/Lardelo-by-LOD12-1-100x100.png 100w, https:\/\/sososo.fr\/wp-content\/uploads\/2023\/08\/Lardelo-by-LOD12-1-600x600.png 600w, https:\/\/sososo.fr\/wp-content\/uploads\/2023\/08\/Lardelo-by-LOD12-1-150x150.png 150w, https:\/\/sososo.fr\/wp-content\/uploads\/2023\/08\/Lardelo-by-LOD12-1-768x768.png 768w, https:\/\/sososo.fr\/wp-content\/uploads\/2023\/08\/Lardelo-by-LOD12-1-1536x1536.png 1536w, https:\/\/sososo.fr\/wp-content\/uploads\/2023\/08\/Lardelo-by-LOD12-1-2048x2048.png 2048w\" sizes=\"auto, (max-width: 1024px) 100vw, 1024px\" \/><\/figure>\n","protected":false},"excerpt":{"rendered":"<p>Accompagner : Coaching de vie pro et perso www.elodie-persehaie.com Retenir l&#8217;attention. Trouver des jeux de mots pour faire passer des messages clairs et visuellement impactant. Les acronymes sont une source sans fin pour cr\u00e9er avec humour. C.O.A.C.H* Cr\u00e9atrice d&#8217;Opportunit\u00e9s et d&#8217;Accompagnements au Changement Humain C.O.B.A.Y.E* Client Ouvert aux Bonnes et Audacieuses Id\u00e9es d&#8217;Elodie. R\u00e9aliser des [&hellip;]<\/p>\n","protected":false},"author":1,"featured_media":0,"parent":0,"menu_order":0,"comment_status":"closed","ping_status":"closed","template":"","meta":{"footnotes":""},"class_list":["post-247","page","type-page","status-publish","hentry","entry","owp-thumbs-layout-horizontal","owp-btn-normal","owp-tabs-layout-horizontal","has-no-thumbnails","has-product-nav"],"_links":{"self":[{"href":"https:\/\/sososo.fr\/index.php\/wp-json\/wp\/v2\/pages\/247","targetHints":{"allow":["GET"]}}],"collection":[{"href":"https:\/\/sososo.fr\/index.php\/wp-json\/wp\/v2\/pages"}],"about":[{"href":"https:\/\/sososo.fr\/index.php\/wp-json\/wp\/v2\/types\/page"}],"author":[{"embeddable":true,"href":"https:\/\/sososo.fr\/index.php\/wp-json\/wp\/v2\/users\/1"}],"replies":[{"embeddable":true,"href":"https:\/\/sososo.fr\/index.php\/wp-json\/wp\/v2\/comments?post=247"}],"version-history":[{"count":10,"href":"https:\/\/sososo.fr\/index.php\/wp-json\/wp\/v2\/pages\/247\/revisions"}],"predecessor-version":[{"id":450,"href":"https:\/\/sososo.fr\/index.php\/wp-json\/wp\/v2\/pages\/247\/revisions\/450"}],"wp:attachment":[{"href":"https:\/\/sososo.fr\/index.php\/wp-json\/wp\/v2\/media?parent=247"}],"curies":[{"name":"wp","href":"https:\/\/api.w.org\/{rel}","templated":true}]}}